{"id":9329,"date":"2024-10-07T02:05:26","date_gmt":"2024-10-07T02:05:26","guid":{"rendered":"https:\/\/bookinflo.com\/?page_id=9329"},"modified":"2024-10-07T02:22:05","modified_gmt":"2024-10-07T02:22:05","slug":"terms-of-service","status":"publish","type":"page","link":"https:\/\/bookinflo.com\/es\/terms-of-service\/","title":{"rendered":"Condiciones de uso"},"content":{"rendered":"<div data-elementor-type=\"wp-page\" data-elementor-id=\"9329\" class=\"elementor elementor-9329\" data-elementor-settings=\"{&quot;ha_cmc_init_switcher&quot;:&quot;no&quot;}\" data-elementor-post-type=\"page\">\n\t\t\t\t<div class=\"elementor-element elementor-element-68bca9e5 e-flex e-con-boxed e-con e-parent\" data-id=\"68bca9e5\" data-element_type=\"container\" data-settings=\"{&quot;_ha_eqh_enable&quot;:false}\">\n\t\t\t\t\t<div class=\"e-con-inner\">\n\t\t\t\t<div class=\"elementor-element elementor-element-1c5b531 elementor-widget elementor-widget-heading\" data-id=\"1c5b531\" data-element_type=\"widget\" data-widget_type=\"heading.default\">\n\t\t\t\t<div class=\"elementor-widget-container\">\n\t\t\t\t\t<h1 class=\"elementor-heading-title elementor-size-default\">Condiciones de uso<\/h1>\t\t\t\t<\/div>\n\t\t\t\t<\/div>\n\t\t\t\t<div class=\"elementor-element elementor-element-45187b8f elementor-widget elementor-widget-text-editor\" data-id=\"45187b8f\" data-element_type=\"widget\" data-widget_type=\"text-editor.default\">\n\t\t\t\t<div class=\"elementor-widget-container\">\n\t\t\t\t\t\t\t\t\t<p>Lea atentamente estas condiciones. Al comprar nuestros productos o servicios, y continuar consultando nuestro sitio web y los materiales que lo acompa\u00f1an, usted acepta estos t\u00e9rminos. Si no est\u00e1 de acuerdo con ellas, no haga clic en \"Aceptar\" y no utilice nuestros servicios, nuestro sitio web ni los materiales que lo acompa\u00f1an.<\/p>\n<p>Este acuerdo legal entre usted y BookInFlo.com (\"InFlo\") rige el uso que usted haga del sitio web de InFlo (\"Sitio Web\"), los servicios y la revisi\u00f3n de cualquier otra informaci\u00f3n o materiales (\"Materiales Acompa\u00f1antes\") proporcionados por InFlo. InFlo proporciona productos de ejercicio f\u00edsico y m\u00e9dico, productos de cuidado saludable y belleza, productos de ropa, un programa de afiliaci\u00f3n (\"Afiliaci\u00f3n\") y otros productos y servicios conocidos colectivamente como Productos y Servicios (\"Productos y Servicios\") relacionados con la mejora de la salud, el bienestar y la calidad de vida. Este acuerdo explica los riesgos que usted asume al utilizar nuestro Sitio Web, Productos y Servicios, unirse a nuestra Membres\u00eda o revisar cualquier Material Acompa\u00f1ante. Es fundamental que lea y comprenda este acuerdo en su totalidad.<\/p>\n<p><\/p>\n<p><b>Se trata de un contrato electr\u00f3nico.<\/b><\/p>\n<p>Usted reconoce que sus env\u00edos electr\u00f3nicos constituyen su acuerdo y su intenci\u00f3n de obligarse y pagar por dichos acuerdos y compras de productos y servicios. Su acuerdo de quedar vinculado por los env\u00edos electr\u00f3nicos se aplica a todos los registros relacionados con todas las transacciones que realice en el sitio web de InFlo, incluidos los avisos de cancelaci\u00f3n, las pol\u00edticas, los contratos y las solicitudes. Para utilizar el sitio web de InFlo y para acceder y conservar los registros electr\u00f3nicos, es posible que se le exija que disponga de cierto hardware y software, que son de su exclusiva responsabilidad. InFlo no se hace responsable de los errores tipogr\u00e1ficos en este acuerdo, en nuestro Sitio Web, en las descripciones de Productos y Servicios, en la Membres\u00eda o en los Materiales de Acompa\u00f1amiento.<\/p>\n<p><\/p>\n<p><b>Proteja su cuenta.<\/b><\/p>\n<p>Como usuario registrado de InFlo, puede crear una cuenta (\"Cuenta\") en nuestro Sitio Web. No revele la informaci\u00f3n de su Cuenta a nadie m\u00e1s. Usted es el \u00fanico responsable de mantener la seguridad y confidencialidad de su Cuenta y de todas y cada una de las actividades que ocurran en o a trav\u00e9s de su Cuenta. No comparta contrase\u00f1as ni ning\u00fan medio proporcionado por InFlo. Hacerlo se considera robo y se tratar\u00e1 como tal, incluyendo la interrupci\u00f3n de los Productos y Servicios, la revocaci\u00f3n de su Membres\u00eda y la eliminaci\u00f3n de cualquiera de nuestros programas participantes sin reembolso. Usted se compromete a notificar inmediatamente a InFlo cualquier posible violaci\u00f3n de la seguridad de su Cuenta. InFlo no se hace responsable de ninguna p\u00e9rdida derivada del uso no autorizado de su Cuenta.<\/p>\n<p><\/p>\n<p>Usted se compromete a proporcionar informaci\u00f3n precisa y completa cuando se registre en InFlo y cuando utilice el Sitio Web, los Productos y Servicios, la Membres\u00eda y los Materiales Adjuntos. Usted acepta que InFlo puede almacenar y utilizar la informaci\u00f3n de registro, incluido el m\u00e9todo de pago, que usted proporcione para su uso en el mantenimiento y la facturaci\u00f3n de las tarifas de su Cuenta.<\/p>\n<p><\/p>\n<p><b>Pagos<\/b><\/p>\n<p>Usted acepta que pagar\u00e1 por los Productos y Servicios que haya adquirido a trav\u00e9s del Sitio Web y que InFlo podr\u00e1 cargar a su m\u00e9todo de pago registrado cualquier Producto y Servicio y cualquier cantidad adicional, incluidos impuestos y recargos por demora, seg\u00fan proceda, que puedan devengarse por, en relaci\u00f3n con o a trav\u00e9s de su Cuenta.<\/p>\n<p><\/p>\n<p><b>Todas las ventas son definitivas.<\/b><\/p>\n<p>Usted se compromete a pagar todos los Productos y Servicios que adquiera a trav\u00e9s de InFlo. Su precio total incluir\u00e1 el precio del producto o servicio m\u00e1s cualquier impuesto aplicable. Los impuestos se basan en la direcci\u00f3n de facturaci\u00f3n y en el tipo impositivo vigente en esa jurisdicci\u00f3n en el momento de la compra de los Productos o Servicios.<\/p>\n<p><\/p>\n<p>No ofrecemos reembolsos por ninguno de nuestros Productos o Servicios. Todos los Productos y Servicios se proporcionan TAL CUAL, sin garant\u00eda impl\u00edcita ni garant\u00eda de idoneidad. Dependiendo del estado en el que resida, es posible que no se le apliquen las limitaciones de la garant\u00eda impl\u00edcita y que disponga de derechos adicionales.<\/p>\n<p><\/p>\n<p><b>Los precios y la disponibilidad pueden variar.<\/b><\/p>\n<p>Los precios y la disponibilidad pueden cambiar desde el momento en que inicia su compra hasta el momento en que la completa. Si los Productos o Servicios no est\u00e1n disponibles en el momento de completar su compra, su \u00fanico recurso es el reembolso.<\/p>\n<p>En caso de que problemas t\u00e9cnicos o log\u00edsticos impidan o retrasen injustificadamente la entrega de sus Productos o Servicios, su \u00fanica y exclusiva soluci\u00f3n ser\u00e1 el reembolso.<\/p>\n<p><\/p>\n<p><b>Afiliaci\u00f3n<\/b><\/p>\n<p>Adquirir una Afiliaci\u00f3n a InFlo no debe interpretarse como ser miembro de la empresa. La afiliaci\u00f3n es uno de nuestros productos y servicios. La afiliaci\u00f3n no implica ning\u00fan derecho de uso de los activos de la marca InFlo, incluidos el logotipo, los gr\u00e1ficos, las im\u00e1genes y el contenido. Todos los medios y contenidos son propiedad de InFlo a menos que se indique lo contrario. Usted se compromete a no presentarse como miembro de la empresa.<\/p>\n<p>Las cuotas de Membres\u00eda se cobran de forma recurrente, al comprar una Membres\u00eda, usted acepta que InFlo puede cargar su m\u00e9todo de pago en el archivo para cada per\u00edodo de facturaci\u00f3n aplicable. Es su exclusiva responsabilidad cancelar la Membres\u00eda e InFlo continuar\u00e1 cobrando su m\u00e9todo de pago por la Membres\u00eda, independientemente de su uso de la Membres\u00eda o participaci\u00f3n en los Productos y Servicios asociados.<\/p>\n<p>Puede cancelar su afiliaci\u00f3n en cualquier momento antes de que finalice el periodo de facturaci\u00f3n en curso y no se le cobrar\u00e1 nada m\u00e1s. No prorrateamos ni reembolsamos ninguna cuota de afiliaci\u00f3n desde el momento de la cancelaci\u00f3n hasta el final del periodo de facturaci\u00f3n en curso.<\/p>\n<p><\/p>\n<p><b>Cheques regalo, cupones y descuentos<\/b><\/p>\n<p>Los certificados de regalo, cupones, c\u00f3digos de cupones y descuentos no son canjeables por dinero en efectivo, no pueden ser: devueltos por un reembolso en efectivo, a menos que sea requerido por la ley, intercambiados, revendidos o utilizados para comprar certificados de regalo, cupones, c\u00f3digos de cupones o descuentos. El valor de cualquier certificado de regalo, cup\u00f3n, c\u00f3digo de cup\u00f3n o descuento de InFlo es de 1\/10 de c\u00e9ntimo. InFlo no se hace responsable de certificados de regalo, cupones o c\u00f3digos de cup\u00f3n perdidos o robados.<\/p>\n<p><\/p>\n<p><b>Pedidos anticipados<\/b><\/p>\n<p>Al realizar un pedido anticipado de Productos o Servicios, usted autoriza a InFlo a realizar el cargo en su m\u00e9todo de pago registrado. Puede cancelar su pedido anticipado de un producto o servicio en cualquier momento dentro de las 24 horas siguientes a la disponibilidad de su producto o servicio y recibir un reembolso. Si no cancela dentro de las 24 horas, no recibir\u00e1 un reembolso.<\/p>\n<p><\/p>\n<p><b>Su privacidad es importante para nosotros.<\/b><\/p>\n<p>El uso que usted haga del sitio web, los productos y servicios de InFlo, as\u00ed como de los materiales que los acompa\u00f1an, est\u00e1 sujeto a la pol\u00edtica de privacidad de InFlo, que se encuentra en: <a href=\"https:\/\/thedrivetosurvive.com\/privacy\">https:\/\/BookInFlo.com\/privacy<\/a><\/p>\n<p><\/p>\n<p><b>Este acuerdo legal se regir\u00e1 por las leyes del Estado de Nueva York.<\/b><\/p>\n<p>Usted reconoce que ha le\u00eddo detenidamente estas Condiciones y Acuerdo y entiende que se trata de una exenci\u00f3n de responsabilidad. Al aceptar, est\u00e1 renunciando a cualquier derecho que usted o sus sucesores puedan tener para iniciar una acci\u00f3n legal o hacer valer una reclamaci\u00f3n contra InFlo, sus respectivos representantes, ejecutores y\/o cesionarios.<\/p>\n<p>Usted certifica y declara que es mayor de dieciocho (18) a\u00f1os, que ha le\u00eddo lo que antecede y que comprende plenamente su significado y efecto y, con la intenci\u00f3n de quedar legalmente vinculado.<\/p>\t\t\t\t\t\t\t\t<\/div>\n\t\t\t\t<\/div>\n\t\t\t\t\t<\/div>\n\t\t\t\t<\/div>\n\t\t\t\t<\/div>","protected":false},"excerpt":{"rendered":"<p>Condiciones de servicio Lea atentamente estas condiciones. Al comprar nuestros productos o servicios, y continuar consultando nuestro sitio web y los materiales que lo acompa\u00f1an, usted acepta estos t\u00e9rminos. Si no est\u00e1 de acuerdo con estos t\u00e9rminos, no haga clic en \"Aceptar\" y no utilice nuestros servicios, sitio web o materiales adjuntos. Este acuerdo legal entre usted [...]<\/p>","protected":false},"author":2,"featured_media":0,"parent":0,"menu_order":0,"comment_status":"closed","ping_status":"closed","template":"elementor_header_footer","meta":{"_acf_changed":false,"nf_dc_page":"","footnotes":""},"class_list":["post-9329","page","type-page","status-publish","hentry"],"acf":[],"yoast_head":"<!-- This site is optimized with the Yoast SEO plugin v26.9 - https:\/\/yoast.com\/product\/yoast-seo-wordpress\/ -->\n<title>Terms of Service - InFlo<\/title>\n<meta name=\"description\" content=\"Read the terms of service that govern the use of the InFlo website and software.\" \/>\n<meta name=\"robots\" content=\"index, follow, max-snippet:-1, max-image-preview:large, max-video-preview:-1\" \/>\n<link rel=\"canonical\" href=\"https:\/\/bookinflo.com\/es\/terms-of-service\/\" \/>\n<meta property=\"og:locale\" content=\"es_ES\" \/>\n<meta property=\"og:type\" content=\"article\" \/>\n<meta property=\"og:title\" content=\"Terms of Service - InFlo\" \/>\n<meta property=\"og:description\" content=\"Read the terms of service that govern the use of the InFlo website and software.\" \/>\n<meta property=\"og:url\" content=\"https:\/\/bookinflo.com\/es\/terms-of-service\/\" \/>\n<meta property=\"og:site_name\" content=\"InFlo\" \/>\n<meta property=\"article:modified_time\" content=\"2024-10-07T02:22:05+00:00\" \/>\n<meta name=\"twitter:card\" content=\"summary_large_image\" \/>\n<meta name=\"twitter:label1\" content=\"Est. reading time\" \/>\n\t<meta name=\"twitter:data1\" content=\"5 minutos\" \/>\n<script type=\"application\/ld+json\" class=\"yoast-schema-graph\">{\"@context\":\"https:\/\/schema.org\",\"@graph\":[{\"@type\":\"WebPage\",\"@id\":\"https:\/\/bookinflo.com\/terms-of-service\/\",\"url\":\"https:\/\/bookinflo.com\/terms-of-service\/\",\"name\":\"Terms of Service - InFlo\",\"isPartOf\":{\"@id\":\"https:\/\/bookinflo.com\/#website\"},\"datePublished\":\"2024-10-07T02:05:26+00:00\",\"dateModified\":\"2024-10-07T02:22:05+00:00\",\"description\":\"Read the terms of service that govern the use of the InFlo website and software.\",\"breadcrumb\":{\"@id\":\"https:\/\/bookinflo.com\/terms-of-service\/#breadcrumb\"},\"inLanguage\":\"es-DO\",\"potentialAction\":[{\"@type\":\"ReadAction\",\"target\":[\"https:\/\/bookinflo.com\/terms-of-service\/\"]}]},{\"@type\":\"BreadcrumbList\",\"@id\":\"https:\/\/bookinflo.com\/terms-of-service\/#breadcrumb\",\"itemListElement\":[{\"@type\":\"ListItem\",\"position\":1,\"name\":\"Home\",\"item\":\"https:\/\/bookinflo.com\/\"},{\"@type\":\"ListItem\",\"position\":2,\"name\":\"Terms of Service\"}]},{\"@type\":\"WebSite\",\"@id\":\"https:\/\/bookinflo.com\/#website\",\"url\":\"https:\/\/bookinflo.com\/\",\"name\":\"InFlo\",\"description\":\"Book Inflo\",\"publisher\":{\"@id\":\"https:\/\/bookinflo.com\/#organization\"},\"potentialAction\":[{\"@type\":\"SearchAction\",\"target\":{\"@type\":\"EntryPoint\",\"urlTemplate\":\"https:\/\/bookinflo.com\/?s={search_term_string}\"},\"query-input\":{\"@type\":\"PropertyValueSpecification\",\"valueRequired\":true,\"valueName\":\"search_term_string\"}}],\"inLanguage\":\"es-DO\"},{\"@type\":\"Organization\",\"@id\":\"https:\/\/bookinflo.com\/#organization\",\"name\":\"InFlo\",\"url\":\"https:\/\/bookinflo.com\/\",\"logo\":{\"@type\":\"ImageObject\",\"inLanguage\":\"es-DO\",\"@id\":\"https:\/\/bookinflo.com\/#\/schema\/logo\/image\/\",\"url\":\"https:\/\/bookinflo.com\/wp-content\/uploads\/2023\/08\/InFlo-logo-bw.png\",\"contentUrl\":\"https:\/\/bookinflo.com\/wp-content\/uploads\/2023\/08\/InFlo-logo-bw.png\",\"width\":1601,\"height\":562,\"caption\":\"InFlo\"},\"image\":{\"@id\":\"https:\/\/bookinflo.com\/#\/schema\/logo\/image\/\"}}]}<\/script>\n<!-- \/ Yoast SEO plugin. -->","yoast_head_json":{"title":"Terms of Service - InFlo","description":"Read the terms of service that govern the use of the InFlo website and software.","robots":{"index":"index","follow":"follow","max-snippet":"max-snippet:-1","max-image-preview":"max-image-preview:large","max-video-preview":"max-video-preview:-1"},"canonical":"https:\/\/bookinflo.com\/es\/terms-of-service\/","og_locale":"es_ES","og_type":"article","og_title":"Terms of Service - InFlo","og_description":"Read the terms of service that govern the use of the InFlo website and software.","og_url":"https:\/\/bookinflo.com\/es\/terms-of-service\/","og_site_name":"InFlo","article_modified_time":"2024-10-07T02:22:05+00:00","twitter_card":"summary_large_image","twitter_misc":{"Est. reading time":"5 minutos"},"schema":{"@context":"https:\/\/schema.org","@graph":[{"@type":"WebPage","@id":"https:\/\/bookinflo.com\/terms-of-service\/","url":"https:\/\/bookinflo.com\/terms-of-service\/","name":"Terms of Service - InFlo","isPartOf":{"@id":"https:\/\/bookinflo.com\/#website"},"datePublished":"2024-10-07T02:05:26+00:00","dateModified":"2024-10-07T02:22:05+00:00","description":"Read the terms of service that govern the use of the InFlo website and software.","breadcrumb":{"@id":"https:\/\/bookinflo.com\/terms-of-service\/#breadcrumb"},"inLanguage":"es-DO","potentialAction":[{"@type":"ReadAction","target":["https:\/\/bookinflo.com\/terms-of-service\/"]}]},{"@type":"BreadcrumbList","@id":"https:\/\/bookinflo.com\/terms-of-service\/#breadcrumb","itemListElement":[{"@type":"ListItem","position":1,"name":"Home","item":"https:\/\/bookinflo.com\/"},{"@type":"ListItem","position":2,"name":"Terms of Service"}]},{"@type":"WebSite","@id":"https:\/\/bookinflo.com\/#website","url":"https:\/\/bookinflo.com\/","name":"InFlo","description":"Book Inflo","publisher":{"@id":"https:\/\/bookinflo.com\/#organization"},"potentialAction":[{"@type":"SearchAction","target":{"@type":"EntryPoint","urlTemplate":"https:\/\/bookinflo.com\/?s={search_term_string}"},"query-input":{"@type":"PropertyValueSpecification","valueRequired":true,"valueName":"search_term_string"}}],"inLanguage":"es-DO"},{"@type":"Organization","@id":"https:\/\/bookinflo.com\/#organization","name":"InFlo","url":"https:\/\/bookinflo.com\/","logo":{"@type":"ImageObject","inLanguage":"es-DO","@id":"https:\/\/bookinflo.com\/#\/schema\/logo\/image\/","url":"https:\/\/bookinflo.com\/wp-content\/uploads\/2023\/08\/InFlo-logo-bw.png","contentUrl":"https:\/\/bookinflo.com\/wp-content\/uploads\/2023\/08\/InFlo-logo-bw.png","width":1601,"height":562,"caption":"InFlo"},"image":{"@id":"https:\/\/bookinflo.com\/#\/schema\/logo\/image\/"}}]}},"_links":{"self":[{"href":"https:\/\/bookinflo.com\/es\/wp-json\/wp\/v2\/pages\/9329","targetHints":{"allow":["GET"]}}],"collection":[{"href":"https:\/\/bookinflo.com\/es\/wp-json\/wp\/v2\/pages"}],"about":[{"href":"https:\/\/bookinflo.com\/es\/wp-json\/wp\/v2\/types\/page"}],"author":[{"embeddable":true,"href":"https:\/\/bookinflo.com\/es\/wp-json\/wp\/v2\/users\/2"}],"replies":[{"embeddable":true,"href":"https:\/\/bookinflo.com\/es\/wp-json\/wp\/v2\/comments?post=9329"}],"version-history":[{"count":10,"href":"https:\/\/bookinflo.com\/es\/wp-json\/wp\/v2\/pages\/9329\/revisions"}],"predecessor-version":[{"id":9339,"href":"https:\/\/bookinflo.com\/es\/wp-json\/wp\/v2\/pages\/9329\/revisions\/9339"}],"wp:attachment":[{"href":"https:\/\/bookinflo.com\/es\/wp-json\/wp\/v2\/media?parent=9329"}],"curies":[{"name":"wp","href":"https:\/\/api.w.org\/{rel}","templated":true}]}}